{"id":10630,"date":"2020-05-30T06:36:39","date_gmt":"2020-05-30T06:36:39","guid":{"rendered":"https:\/\/oworkers.com\/?page_id=10630"},"modified":"2026-05-06T13:59:24","modified_gmt":"2026-05-06T13:59:24","slug":"emplois-oworkers","status":"publish","type":"page","link":"https:\/\/oworkers.com\/fr\/emplois-oworkers\/","title":{"rendered":"Contact Emplois"},"content":{"rendered":"\t\t<div data-elementor-type=\"wp-page\" data-elementor-id=\"10630\" class=\"elementor elementor-10630 elementor-9293\" data-elementor-post-type=\"page\">\n\t\t\t\t\t\t<section class=\"elementor-section elementor-top-section elementor-element elementor-element-af4f00d elementor-section-height-min-height elementor-section-stretched elementor-section-items-bottom elementor-section-boxed elementor-section-height-default\" data-id=\"af4f00d\" data-element_type=\"section\" data-e-type=\"section\" data-settings=\"{&quot;stretch_section&quot;:&quot;section-stretched&quot;,&quot;background_background&quot;:&quot;video&quot;,&quot;background_video_link&quot;:&quot;https:\\\/\\\/youtu.be\\\/cjCSj1u8-Us&quot;,&quot;background_video_start&quot;:0}\">\n\t\t\t\t\t\t\t\t<div class=\"elementor-background-video-container elementor-hidden-mobile\">\n\t\t\t\t\t\t\t\t\t\t\t\t\t<div class=\"elementor-background-video-embed\" role=\"presentation\"><\/div>\n\t\t\t\t\t\t\t\t\t\t\t\t<\/div>\n\t\t\t\t\t\t\t\t\t<div class=\"elementor-background-overlay\"><\/div>\n\t\t\t\t\t\t\t<div class=\"elementor-container elementor-column-gap-default\">\n\t\t\t\t\t<div class=\"elementor-column elementor-col-100 elementor-top-column elementor-element elementor-element-3a858f7\" data-id=\"3a858f7\" data-element_type=\"column\" data-e-type=\"column\" data-settings=\"{&quot;background_background&quot;:&quot;classic&quot;}\">\n\t\t\t<div class=\"elementor-widget-wrap elementor-element-populated\">\n\t\t\t\t\t\t<div class=\"elementor-element elementor-element-bb1eee5 elementor-widget elementor-widget-heading\" data-id=\"bb1eee5\" data-element_type=\"widget\" data-e-type=\"widget\" data-widget_type=\"heading.default\">\n\t\t\t\t<div class=\"elementor-widget-container\">\n\t\t\t\t\t<h1 class=\"elementor-heading-title elementor-size-default\">EMPLOIS ET CARRI\u00c8RES <\/h1>\t\t\t\t<\/div>\n\t\t\t\t<\/div>\n\t\t\t\t<div class=\"elementor-element elementor-element-7cbc9b5 elementor-widget elementor-widget-text-editor\" data-id=\"7cbc9b5\" data-element_type=\"widget\" data-e-type=\"widget\" data-widget_type=\"text-editor.default\">\n\t\t\t\t<div class=\"elementor-widget-container\">\n\t\t\t\t\t\t\t\t\t<p>Nous sommes toujours \u00e0 la recherche de personnes talentueuses pour rejoindre notre \u00e9quipe <br>et contribuer \u00e0 notre succ\u00e8s dans le secteur de<span style=\"color: #ffffff;\"><a style=\"color: #ffffff;\" href=\"https:\/\/oworkers.com\/fr\/\"> l&rsquo;externalisation des processus m\u00e9tier<\/a><\/span> (BPO).<\/p>\t\t\t\t\t\t\t\t<\/div>\n\t\t\t\t<\/div>\n\t\t\t\t<div class=\"elementor-element elementor-element-c661d68 elementor-widget elementor-widget-heading\" data-id=\"c661d68\" data-element_type=\"widget\" data-e-type=\"widget\" data-widget_type=\"heading.default\">\n\t\t\t\t<div class=\"elementor-widget-container\">\n\t\t\t\t\t<h2 class=\"elementor-heading-title elementor-size-default\">N'h\u00e9sitez pas \u00e0 envoyer votre CV.<\/h2>\t\t\t\t<\/div>\n\t\t\t\t<\/div>\n\t\t\t\t<div class=\"elementor-element elementor-element-fd07ea4 elementor-align-center elementor-widget elementor-widget-button\" data-id=\"fd07ea4\" data-element_type=\"widget\" data-e-type=\"widget\" data-widget_type=\"button.default\">\n\t\t\t\t<div class=\"elementor-widget-container\">\n\t\t\t\t\t\t\t\t\t<div class=\"elementor-button-wrapper\">\n\t\t\t\t\t<a class=\"elementor-button elementor-button-link elementor-size-sm\" href=\"https:\/\/denkai.formstack.com\/forms\/jobs\">\n\t\t\t\t\t\t<span class=\"elementor-button-content-wrapper\">\n\t\t\t\t\t\t\t\t\t<span class=\"elementor-button-text\">REJOIGNEZ OWORKERS !<\/span>\n\t\t\t\t\t<\/span>\n\t\t\t\t\t<\/a>\n\t\t\t\t<\/div>\n\t\t\t\t\t\t\t\t<\/div>\n\t\t\t\t<\/div>\n\t\t\t\t\t<\/div>\n\t\t<\/div>\n\t\t\t\t\t<\/div>\n\t\t<\/section>\n\t\t<div class=\"elementor-element elementor-element-9d6756b e-flex e-con-boxed e-con e-parent\" data-id=\"9d6756b\" data-element_type=\"container\" data-e-type=\"container\">\n\t\t\t\t\t<div class=\"e-con-inner\">\n\t\t\t\t<div class=\"elementor-element elementor-element-813523e elementor-widget elementor-widget-heading\" data-id=\"813523e\" data-element_type=\"widget\" data-e-type=\"widget\" data-widget_type=\"heading.default\">\n\t\t\t\t<div class=\"elementor-widget-container\">\n\t\t\t\t\t<h2 class=\"elementor-heading-title elementor-size-default\">NOS PARTENAIRES<\/h2>\t\t\t\t<\/div>\n\t\t\t\t<\/div>\n\t\t\t\t<div class=\"elementor-element elementor-element-53e15ec elementor-widget-divider--view-line elementor-widget elementor-widget-divider\" data-id=\"53e15ec\" data-element_type=\"widget\" data-e-type=\"widget\" data-widget_type=\"divider.default\">\n\t\t\t\t<div class=\"elementor-widget-container\">\n\t\t\t\t\t\t\t<div class=\"elementor-divider\">\n\t\t\t<span class=\"elementor-divider-separator\">\n\t\t\t\t\t\t<\/span>\n\t\t<\/div>\n\t\t\t\t\t\t<\/div>\n\t\t\t\t<\/div>\n\t\t<div class=\"elementor-element elementor-element-8348b93 e-con-full e-flex e-con e-child\" data-id=\"8348b93\" data-element_type=\"container\" data-e-type=\"container\">\n\t\t<div class=\"elementor-element elementor-element-0d22b26 e-con-full e-flex e-con e-child\" data-id=\"0d22b26\" data-element_type=\"container\" data-e-type=\"container\">\n\t\t\t\t<div class=\"elementor-element elementor-element-2d7081b elementor-widget elementor-widget-text-editor\" data-id=\"2d7081b\" data-element_type=\"widget\" data-e-type=\"widget\" data-widget_type=\"text-editor.default\">\n\t\t\t\t<div class=\"elementor-widget-container\">\n\t\t\t\t\t\t\t\t\t<p>Vous pouvez \u00e9galement consulter <strong>TOUTES <\/strong>nos <b>OFFRES D&rsquo;EMPLOI <\/b>actuelles sur chaque portail EMPLOIS de chaque pays dans lequel nous sommes pr\u00e9sents. <\/p>\t\t\t\t\t\t\t\t<\/div>\n\t\t\t\t<\/div>\n\t\t<div class=\"elementor-element elementor-element-970ccd3 e-con-full e-flex e-con e-child\" data-id=\"970ccd3\" data-element_type=\"container\" data-e-type=\"container\" data-settings=\"{&quot;background_background&quot;:&quot;classic&quot;}\">\n\t\t\t\t<div class=\"elementor-element elementor-element-7d3f7ca elementor-position-inline-start elementor-view-default elementor-mobile-position-block-start elementor-widget elementor-widget-icon-box\" data-id=\"7d3f7ca\" data-element_type=\"widget\" data-e-type=\"widget\" data-widget_type=\"icon-box.default\">\n\t\t\t\t<div class=\"elementor-widget-container\">\n\t\t\t\t\t\t\t<div class=\"elementor-icon-box-wrapper\">\n\n\t\t\t\t\t\t<div class=\"elementor-icon-box-icon\">\n\t\t\t\t<span  class=\"elementor-icon\">\n\t\t\t\t<svg xmlns=\"http:\/\/www.w3.org\/2000\/svg\" id=\"Expanded\" viewBox=\"0 0 64 64\"><path d=\"M56.79,12.78H7.21c-1.76,0-3.2,1.44-3.2,3.2v32.05s0,.04,0,.07c0,.02,0,.03,0,.05.06,1.71,1.46,3.08,3.19,3.08h49.58c1.72,0,3.12-1.37,3.19-3.08,0-.02,0-.03,0-.05,0-.02,0-.04,0-.07V15.98c0-1.76-1.44-3.2-3.2-3.2ZM7.21,14.78h49.58c.52,0,.96.34,1.12.81l-16.42,14.05c-1.89-3.29-5.43-5.52-9.49-5.52s-7.61,2.23-9.49,5.52L6.09,15.59c.16-.47.6-.81,1.12-.81ZM40.94,35.06c0,4.93-4.01,8.94-8.94,8.94s-8.94-4.01-8.94-8.94,4.01-8.94,8.94-8.94,8.94,4.01,8.94,8.94ZM6.01,18.15l15.64,13.38c-.38,1.11-.59,2.29-.59,3.52,0,1,.15,1.97.4,2.89l-15.45,8.39v-28.19ZM56.79,49.22H7.21c-.47,0-.87-.28-1.07-.68l16.03-8.71c1.78,3.64,5.51,6.16,9.83,6.16s8.05-2.52,9.83-6.16l16.03,8.71c-.2.4-.6.68-1.07.68ZM57.99,46.34l-15.45-8.39c.25-.92.4-1.89.4-2.89,0-1.23-.21-2.42-.59-3.52l15.64-13.38v28.19Z\"><\/path><path d=\"M37.09,31.92h-2.43s-.75-2.31-.75-2.31c-.27-.84-1.02-1.38-1.9-1.38s-1.63.54-1.9,1.38l-.75,2.31h-2.43c-.88,0-1.63.54-1.9,1.38-.27.84.01,1.72.73,2.24l1.97,1.43-.75,2.31c-.27.84.01,1.72.73,2.24.71.52,1.64.52,2.35,0l1.97-1.43,1.97,1.43c.36.26.77.39,1.18.39s.82-.13,1.18-.39c.71-.52,1-1.4.73-2.24l-.75-2.31,1.97-1.43c.71-.52,1-1.4.73-2.24-.27-.84-1.02-1.38-1.9-1.38ZM35.12,35.35c-.7.51-1,1.41-.73,2.24l.75,2.31-1.97-1.43c-.35-.26-.76-.38-1.18-.38s-.82.13-1.18.38l-1.97,1.43.75-2.31c.27-.83-.02-1.73-.73-2.24l-1.97-1.43h2.43c.87,0,1.64-.56,1.9-1.38l.75-2.33s0,0,0,.01l.75,2.31c.27.83,1.03,1.38,1.9,1.38h2.43s-1.97,1.43-1.97,1.43Z\"><\/path><\/svg>\t\t\t\t<\/span>\n\t\t\t<\/div>\n\t\t\t\n\t\t\t\t\t\t<div class=\"elementor-icon-box-content\">\n\n\t\t\t\t\t\t\t\t\t<h3 class=\"elementor-icon-box-title\">\n\t\t\t\t\t\t<span  >\n\t\t\t\t\t\t\tCLIQUEZ SUR LE LIEN PORTAL JOBS &gt;&gt;&gt;\t\t\t\t\t\t<\/span>\n\t\t\t\t\t<\/h3>\n\t\t\t\t\n\t\t\t\t\t\t\t\t\t<p class=\"elementor-icon-box-description\">\n\t\t\t\t\t\tPour soumettre votre candidature en fonction du pays.\t\t\t\t\t<\/p>\n\t\t\t\t\n\t\t\t<\/div>\n\t\t\t\n\t\t<\/div>\n\t\t\t\t\t\t<\/div>\n\t\t\t\t<\/div>\n\t\t\t\t<\/div>\n\t\t\t\t<\/div>\n\t\t<div class=\"elementor-element elementor-element-08f4ae0 e-con-full e-flex e-con e-child\" data-id=\"08f4ae0\" data-element_type=\"container\" data-e-type=\"container\">\n\t\t\t\t<div class=\"elementor-element elementor-element-0a98f9e elementor-widget elementor-widget-heading\" data-id=\"0a98f9e\" data-element_type=\"widget\" data-e-type=\"widget\" data-widget_type=\"heading.default\">\n\t\t\t\t<div class=\"elementor-widget-container\">\n\t\t\t\t\t<h2 class=\"elementor-heading-title elementor-size-default\"><a href=\"https:\/\/oworkers.com\/fr\/\">Oworkers<\/a><\/h2>\t\t\t\t<\/div>\n\t\t\t\t<\/div>\n\t\t\t\t<div class=\"elementor-element elementor-element-44cbbfe elementor-widget-divider--view-line elementor-widget elementor-widget-divider\" data-id=\"44cbbfe\" data-element_type=\"widget\" data-e-type=\"widget\" data-widget_type=\"divider.default\">\n\t\t\t\t<div class=\"elementor-widget-container\">\n\t\t\t\t\t\t\t<div class=\"elementor-divider\">\n\t\t\t<span class=\"elementor-divider-separator\">\n\t\t\t\t\t\t<\/span>\n\t\t<\/div>\n\t\t\t\t\t\t<\/div>\n\t\t\t\t<\/div>\n\t\t\t\t<div class=\"elementor-element elementor-element-39d5294 elementor-widget elementor-widget-heading\" data-id=\"39d5294\" data-element_type=\"widget\" data-e-type=\"widget\" data-widget_type=\"heading.default\">\n\t\t\t\t<div class=\"elementor-widget-container\">\n\t\t\t\t\t<h3 class=\"elementor-heading-title elementor-size-default\">MADAGASCAR<\/h3>\t\t\t\t<\/div>\n\t\t\t\t<\/div>\n\t\t\t\t<div class=\"elementor-element elementor-element-54d6b67 elementor-widget elementor-widget-text-editor\" data-id=\"54d6b67\" data-element_type=\"widget\" data-e-type=\"widget\" data-widget_type=\"text-editor.default\">\n\t\t\t\t<div class=\"elementor-widget-container\">\n\t\t\t\t\t\t\t\t\t<p>&gt; <a href=\"https:\/\/www.portaljob-madagascar.com\/search\/advanced\/res\/1\/motcle\/oworkers\">PORTALJOB-MADAGASCAR.COM<\/a><\/p>\t\t\t\t\t\t\t\t<\/div>\n\t\t\t\t<\/div>\n\t\t\t\t<div class=\"elementor-element elementor-element-e2287dc elementor-widget-divider--view-line elementor-widget elementor-widget-divider\" data-id=\"e2287dc\" data-element_type=\"widget\" data-e-type=\"widget\" data-widget_type=\"divider.default\">\n\t\t\t\t<div class=\"elementor-widget-container\">\n\t\t\t\t\t\t\t<div class=\"elementor-divider\">\n\t\t\t<span class=\"elementor-divider-separator\">\n\t\t\t\t\t\t<\/span>\n\t\t<\/div>\n\t\t\t\t\t\t<\/div>\n\t\t\t\t<\/div>\n\t\t\t\t<div class=\"elementor-element elementor-element-ed65f5f elementor-widget elementor-widget-heading\" data-id=\"ed65f5f\" data-element_type=\"widget\" data-e-type=\"widget\" data-widget_type=\"heading.default\">\n\t\t\t\t<div class=\"elementor-widget-container\">\n\t\t\t\t\t<h3 class=\"elementor-heading-title elementor-size-default\">BULGARIE<\/h3>\t\t\t\t<\/div>\n\t\t\t\t<\/div>\n\t\t\t\t<div class=\"elementor-element elementor-element-5b3a366 elementor-widget elementor-widget-text-editor\" data-id=\"5b3a366\" data-element_type=\"widget\" data-e-type=\"widget\" data-widget_type=\"text-editor.default\">\n\t\t\t\t<div class=\"elementor-widget-container\">\n\t\t\t\t\t\t\t\t\t<p style=\"text-align: left;\"><a href=\"https:\/\/www.jobs.bg\/en\/company\/oworkers\/jobs\">&gt; JOBS.BG<\/a><\/p>\t\t\t\t\t\t\t\t<\/div>\n\t\t\t\t<\/div>\n\t\t\t\t<div class=\"elementor-element elementor-element-fd7493f elementor-widget-divider--view-line elementor-widget elementor-widget-divider\" data-id=\"fd7493f\" data-element_type=\"widget\" data-e-type=\"widget\" data-widget_type=\"divider.default\">\n\t\t\t\t<div class=\"elementor-widget-container\">\n\t\t\t\t\t\t\t<div class=\"elementor-divider\">\n\t\t\t<span class=\"elementor-divider-separator\">\n\t\t\t\t\t\t<\/span>\n\t\t<\/div>\n\t\t\t\t\t\t<\/div>\n\t\t\t\t<\/div>\n\t\t\t\t<div class=\"elementor-element elementor-element-aa6959c elementor-widget elementor-widget-heading\" data-id=\"aa6959c\" data-element_type=\"widget\" data-e-type=\"widget\" data-widget_type=\"heading.default\">\n\t\t\t\t<div class=\"elementor-widget-container\">\n\t\t\t\t\t<h3 class=\"elementor-heading-title elementor-size-default\">EGYPTE<\/h3>\t\t\t\t<\/div>\n\t\t\t\t<\/div>\n\t\t\t\t<div class=\"elementor-element elementor-element-f81b46c elementor-widget elementor-widget-text-editor\" data-id=\"f81b46c\" data-element_type=\"widget\" data-e-type=\"widget\" data-widget_type=\"text-editor.default\">\n\t\t\t\t<div class=\"elementor-widget-container\">\n\t\t\t\t\t\t\t\t\t<p>&gt; <a href=\"https:\/\/wuzzuf.net\/jobs\/careers\/oworkers-United-Kingdom-26841\">WUZZUF.net<\/a><\/p>\t\t\t\t\t\t\t\t<\/div>\n\t\t\t\t<\/div>\n\t\t\t\t<\/div>\n\t\t\t\t<\/div>\n\t\t\t\t<div class=\"elementor-element elementor-element-f7aaa5b elementor-widget-divider--view-line elementor-widget elementor-widget-divider\" data-id=\"f7aaa5b\" data-element_type=\"widget\" data-e-type=\"widget\" data-widget_type=\"divider.default\">\n\t\t\t\t<div class=\"elementor-widget-container\">\n\t\t\t\t\t\t\t<div class=\"elementor-divider\">\n\t\t\t<span class=\"elementor-divider-separator\">\n\t\t\t\t\t\t<\/span>\n\t\t<\/div>\n\t\t\t\t\t\t<\/div>\n\t\t\t\t<\/div>\n\t\t\t\t\t<\/div>\n\t\t\t\t<\/div>\n\t\t\t\t<\/div>\n\t\t","protected":false},"excerpt":{"rendered":"<p>EMPLOIS ET CARRI\u00c8RES Nous sommes toujours \u00e0 la recherche de personnes talentueuses pour rejoindre notre \u00e9quipe et contribuer \u00e0 notre succ\u00e8s dans le secteur de l&rsquo;externalisation des processus m\u00e9tier (BPO). N&rsquo;h\u00e9sitez pas \u00e0 envoyer votre CV. REJOIGNEZ OWORKERS ! NOS PARTENAIRES Vous pouvez \u00e9galement consulter TOUTES nos OFFRES D&rsquo;EMPLOI actuelles sur chaque portail EMPLOIS de [&hellip;]<\/p>\n","protected":false},"author":3,"featured_media":0,"parent":0,"menu_order":0,"comment_status":"closed","ping_status":"closed","template":"","meta":{"footnotes":""},"class_list":["post-10630","page","type-page","status-publish","hentry"],"yoast_head":"<!-- This site is optimized with the Yoast SEO Premium plugin v27.5 (Yoast SEO v27.5) - https:\/\/yoast.com\/product\/yoast-seo-premium-wordpress\/ -->\n<title>Externalisation d&#039;emplois en Bulgarie, en \u00c9gypte et \u00e0 Madagascar par oworkers<\/title>\n<meta name=\"description\" content=\"Emplois en sous-traitance en Bulgarie - \u00c9gypte - Madagascar Envoyez-nous votre CV pour trouver un emploi. Nous sommes constamment \u00e0 la recherche de talents de haut niveau pour rejoindre notre \u00e9quipe.\" \/>\n<meta name=\"robots\" content=\"index, follow, max-snippet:-1, max-image-preview:large, max-video-preview:-1\" \/>\n<link rel=\"canonical\" href=\"https:\/\/oworkers.com\/fr\/emplois-oworkers\/\" \/>\n<meta property=\"og:locale\" content=\"fr_FR\" \/>\n<meta property=\"og:type\" content=\"article\" \/>\n<meta property=\"og:title\" content=\"Contact Emplois - Oworkers\" \/>\n<meta property=\"og:description\" content=\"Discover oworkers&#039; expertise in the field of multilingual data processing, AP Processing, AI data annotation, contrent trust and safety. Best services in Bulgaria \/ Madagascar and Egypt.\" \/>\n<meta property=\"og:url\" content=\"https:\/\/oworkers.com\/fr\/emplois-oworkers\/\" \/>\n<meta property=\"og:site_name\" content=\"Oworkers\" \/>\n<meta property=\"article:publisher\" content=\"https:\/\/www.facebook.com\/virtualemployee\/\" \/>\n<meta property=\"article:modified_time\" content=\"2026-05-06T13:59:24+00:00\" \/>\n<meta name=\"twitter:card\" content=\"summary_large_image\" \/>\n<meta name=\"twitter:site\" content=\"@O_workers\" \/>\n<meta name=\"twitter:label1\" content=\"Dur\u00e9e de lecture estim\u00e9e\" \/>\n\t<meta name=\"twitter:data1\" content=\"1 minute\" \/>\n<script type=\"application\/ld+json\" class=\"yoast-schema-graph\">{\"@context\":\"https:\\\/\\\/schema.org\",\"@graph\":[{\"@type\":\"WebPage\",\"@id\":\"https:\\\/\\\/oworkers.com\\\/fr\\\/emplois-oworkers\\\/\",\"url\":\"https:\\\/\\\/oworkers.com\\\/fr\\\/emplois-oworkers\\\/\",\"name\":\"Externalisation d'emplois en Bulgarie, en \u00c9gypte et \u00e0 Madagascar par oworkers\",\"isPartOf\":{\"@id\":\"https:\\\/\\\/oworkers.com\\\/fr\\\/#website\"},\"datePublished\":\"2020-05-30T06:36:39+00:00\",\"dateModified\":\"2026-05-06T13:59:24+00:00\",\"description\":\"Emplois en sous-traitance en Bulgarie - \u00c9gypte - Madagascar Envoyez-nous votre CV pour trouver un emploi. Nous sommes constamment \u00e0 la recherche de talents de haut niveau pour rejoindre notre \u00e9quipe.\",\"breadcrumb\":{\"@id\":\"https:\\\/\\\/oworkers.com\\\/fr\\\/emplois-oworkers\\\/#breadcrumb\"},\"inLanguage\":\"fr-FR\",\"potentialAction\":[{\"@type\":\"ReadAction\",\"target\":[\"https:\\\/\\\/oworkers.com\\\/fr\\\/emplois-oworkers\\\/\"]}]},{\"@type\":\"BreadcrumbList\",\"@id\":\"https:\\\/\\\/oworkers.com\\\/fr\\\/emplois-oworkers\\\/#breadcrumb\",\"itemListElement\":[{\"@type\":\"ListItem\",\"position\":1,\"name\":\"Oworkers\",\"item\":\"https:\\\/\\\/oworkers.com\\\/fr\\\/home\\\/\"},{\"@type\":\"ListItem\",\"position\":2,\"name\":\"Contact Emplois\"}]},{\"@type\":\"WebSite\",\"@id\":\"https:\\\/\\\/oworkers.com\\\/fr\\\/#website\",\"url\":\"https:\\\/\\\/oworkers.com\\\/fr\\\/\",\"name\":\"Oworkers\",\"description\":\"Multilingual data processing, AP Processing, AI data annotation, contrent trust and safety\",\"publisher\":{\"@id\":\"https:\\\/\\\/oworkers.com\\\/fr\\\/#organization\"},\"potentialAction\":[{\"@type\":\"SearchAction\",\"target\":{\"@type\":\"EntryPoint\",\"urlTemplate\":\"https:\\\/\\\/oworkers.com\\\/fr\\\/?s={search_term_string}\"},\"query-input\":{\"@type\":\"PropertyValueSpecification\",\"valueRequired\":true,\"valueName\":\"search_term_string\"}}],\"inLanguage\":\"fr-FR\"},{\"@type\":\"Organization\",\"@id\":\"https:\\\/\\\/oworkers.com\\\/fr\\\/#organization\",\"name\":\"Oworkers\",\"url\":\"https:\\\/\\\/oworkers.com\\\/fr\\\/\",\"logo\":{\"@type\":\"ImageObject\",\"inLanguage\":\"fr-FR\",\"@id\":\"https:\\\/\\\/oworkers.com\\\/fr\\\/#\\\/schema\\\/logo\\\/image\\\/\",\"url\":\"https:\\\/\\\/oworkers.com\\\/wp-content\\\/uploads\\\/2023\\\/03\\\/cropped-favicon.webp\",\"contentUrl\":\"https:\\\/\\\/oworkers.com\\\/wp-content\\\/uploads\\\/2023\\\/03\\\/cropped-favicon.webp\",\"width\":512,\"height\":512,\"caption\":\"Oworkers\"},\"image\":{\"@id\":\"https:\\\/\\\/oworkers.com\\\/fr\\\/#\\\/schema\\\/logo\\\/image\\\/\"},\"sameAs\":[\"https:\\\/\\\/www.facebook.com\\\/virtualemployee\\\/\",\"https:\\\/\\\/x.com\\\/O_workers\",\"https:\\\/\\\/www.linkedin.com\\\/company\\\/oworkers\\\/?viewAsMember=true\"],\"description\":\"Multilingual data processing, AP Processing, AI data annotation, contrent trust and safety\",\"numberOfEmployees\":{\"@type\":\"QuantitativeValue\",\"minValue\":\"201\",\"maxValue\":\"500\"}}]}<\/script>\n<!-- \/ Yoast SEO Premium plugin. -->","yoast_head_json":{"title":"Externalisation d'emplois en Bulgarie, en \u00c9gypte et \u00e0 Madagascar par oworkers","description":"Emplois en sous-traitance en Bulgarie - \u00c9gypte - Madagascar Envoyez-nous votre CV pour trouver un emploi. Nous sommes constamment \u00e0 la recherche de talents de haut niveau pour rejoindre notre \u00e9quipe.","robots":{"index":"index","follow":"follow","max-snippet":"max-snippet:-1","max-image-preview":"max-image-preview:large","max-video-preview":"max-video-preview:-1"},"canonical":"https:\/\/oworkers.com\/fr\/emplois-oworkers\/","og_locale":"fr_FR","og_type":"article","og_title":"Contact Emplois - Oworkers","og_description":"Discover oworkers' expertise in the field of multilingual data processing, AP Processing, AI data annotation, contrent trust and safety. Best services in Bulgaria \/ Madagascar and Egypt.","og_url":"https:\/\/oworkers.com\/fr\/emplois-oworkers\/","og_site_name":"Oworkers","article_publisher":"https:\/\/www.facebook.com\/virtualemployee\/","article_modified_time":"2026-05-06T13:59:24+00:00","twitter_card":"summary_large_image","twitter_site":"@O_workers","twitter_misc":{"Dur\u00e9e de lecture estim\u00e9e":"1 minute"},"schema":{"@context":"https:\/\/schema.org","@graph":[{"@type":"WebPage","@id":"https:\/\/oworkers.com\/fr\/emplois-oworkers\/","url":"https:\/\/oworkers.com\/fr\/emplois-oworkers\/","name":"Externalisation d'emplois en Bulgarie, en \u00c9gypte et \u00e0 Madagascar par oworkers","isPartOf":{"@id":"https:\/\/oworkers.com\/fr\/#website"},"datePublished":"2020-05-30T06:36:39+00:00","dateModified":"2026-05-06T13:59:24+00:00","description":"Emplois en sous-traitance en Bulgarie - \u00c9gypte - Madagascar Envoyez-nous votre CV pour trouver un emploi. Nous sommes constamment \u00e0 la recherche de talents de haut niveau pour rejoindre notre \u00e9quipe.","breadcrumb":{"@id":"https:\/\/oworkers.com\/fr\/emplois-oworkers\/#breadcrumb"},"inLanguage":"fr-FR","potentialAction":[{"@type":"ReadAction","target":["https:\/\/oworkers.com\/fr\/emplois-oworkers\/"]}]},{"@type":"BreadcrumbList","@id":"https:\/\/oworkers.com\/fr\/emplois-oworkers\/#breadcrumb","itemListElement":[{"@type":"ListItem","position":1,"name":"Oworkers","item":"https:\/\/oworkers.com\/fr\/home\/"},{"@type":"ListItem","position":2,"name":"Contact Emplois"}]},{"@type":"WebSite","@id":"https:\/\/oworkers.com\/fr\/#website","url":"https:\/\/oworkers.com\/fr\/","name":"Oworkers","description":"Multilingual data processing, AP Processing, AI data annotation, contrent trust and safety","publisher":{"@id":"https:\/\/oworkers.com\/fr\/#organization"},"potentialAction":[{"@type":"SearchAction","target":{"@type":"EntryPoint","urlTemplate":"https:\/\/oworkers.com\/fr\/?s={search_term_string}"},"query-input":{"@type":"PropertyValueSpecification","valueRequired":true,"valueName":"search_term_string"}}],"inLanguage":"fr-FR"},{"@type":"Organization","@id":"https:\/\/oworkers.com\/fr\/#organization","name":"Oworkers","url":"https:\/\/oworkers.com\/fr\/","logo":{"@type":"ImageObject","inLanguage":"fr-FR","@id":"https:\/\/oworkers.com\/fr\/#\/schema\/logo\/image\/","url":"https:\/\/oworkers.com\/wp-content\/uploads\/2023\/03\/cropped-favicon.webp","contentUrl":"https:\/\/oworkers.com\/wp-content\/uploads\/2023\/03\/cropped-favicon.webp","width":512,"height":512,"caption":"Oworkers"},"image":{"@id":"https:\/\/oworkers.com\/fr\/#\/schema\/logo\/image\/"},"sameAs":["https:\/\/www.facebook.com\/virtualemployee\/","https:\/\/x.com\/O_workers","https:\/\/www.linkedin.com\/company\/oworkers\/?viewAsMember=true"],"description":"Multilingual data processing, AP Processing, AI data annotation, contrent trust and safety","numberOfEmployees":{"@type":"QuantitativeValue","minValue":"201","maxValue":"500"}}]}},"_links":{"self":[{"href":"https:\/\/oworkers.com\/fr\/wp-json\/wp\/v2\/pages\/10630","targetHints":{"allow":["GET"]}}],"collection":[{"href":"https:\/\/oworkers.com\/fr\/wp-json\/wp\/v2\/pages"}],"about":[{"href":"https:\/\/oworkers.com\/fr\/wp-json\/wp\/v2\/types\/page"}],"author":[{"embeddable":true,"href":"https:\/\/oworkers.com\/fr\/wp-json\/wp\/v2\/users\/3"}],"replies":[{"embeddable":true,"href":"https:\/\/oworkers.com\/fr\/wp-json\/wp\/v2\/comments?post=10630"}],"version-history":[{"count":2,"href":"https:\/\/oworkers.com\/fr\/wp-json\/wp\/v2\/pages\/10630\/revisions"}],"predecessor-version":[{"id":541004,"href":"https:\/\/oworkers.com\/fr\/wp-json\/wp\/v2\/pages\/10630\/revisions\/541004"}],"wp:attachment":[{"href":"https:\/\/oworkers.com\/fr\/wp-json\/wp\/v2\/media?parent=10630"}],"curies":[{"name":"wp","href":"https:\/\/api.w.org\/{rel}","templated":true}]}}