{"id":538450,"date":"2026-03-09T15:36:02","date_gmt":"2026-03-09T15:36:02","guid":{"rendered":"https:\/\/oworkers.com\/merci-formulaire-de-contact\/"},"modified":"2026-03-30T11:06:49","modified_gmt":"2026-03-30T11:06:49","slug":"merci-formulaire-de-contact","status":"publish","type":"page","link":"https:\/\/oworkers.com\/fr\/merci-formulaire-de-contact\/","title":{"rendered":"Merci &#8211; Formulaire de contact"},"content":{"rendered":"\t\t<div data-elementor-type=\"wp-page\" data-elementor-id=\"538450\" class=\"elementor elementor-538450 elementor-10822\" data-elementor-post-type=\"page\">\n\t\t\t\t\t\t<section class=\"elementor-section elementor-top-section elementor-element elementor-element-0a4fac9 elementor-section-boxed elementor-section-height-default elementor-section-height-default\" data-id=\"0a4fac9\" data-element_type=\"section\" data-e-type=\"section\">\n\t\t\t\t\t\t<div class=\"elementor-container elementor-column-gap-default\">\n\t\t\t\t\t<div class=\"elementor-column elementor-col-100 elementor-top-column elementor-element elementor-element-5a92bac\" data-id=\"5a92bac\" data-element_type=\"column\" data-e-type=\"column\">\n\t\t\t<div class=\"elementor-widget-wrap elementor-element-populated\">\n\t\t\t\t\t\t<div class=\"elementor-element elementor-element-0300a2a elementor-widget elementor-widget-text-editor\" data-id=\"0300a2a\" data-element_type=\"widget\" data-e-type=\"widget\" data-widget_type=\"text-editor.default\">\n\t\t\t\t\t\t\t\t\t<h3 style=\"text-align: center;\">Merci d&rsquo;\u00eatre g\u00e9nial !<\/h3><p>Nous avons bien re\u00e7u votre message et vous remercions de nous avoir contact\u00e9s. <strong><a href=\"https:\/\/oworkers.com\/fr\/\">Oworkers<\/a><\/strong><span style=\"font-size: 1rem;\"> examine d\u00e9j\u00e0 votre demande afin de vous fournir la meilleure assistance possible.<\/span><\/p><p>Nous vous contacterons tr\u00e8s bient\u00f4t !<\/p>\t\t\t\t\t\t\t\t<\/div>\n\t\t\t\t<div class=\"elementor-element elementor-element-8c14137 elementor-align-center elementor-mobile-align-center elementor-widget elementor-widget-button\" data-id=\"8c14137\" data-element_type=\"widget\" data-e-type=\"widget\" data-widget_type=\"button.default\">\n\t\t\t\t\t\t\t\t\t\t<a class=\"elementor-button elementor-button-link elementor-size-xl\" href=\"https:\/\/oworkers.com\/fr\/\">\n\t\t\t\t\t\t<span class=\"elementor-button-content-wrapper\">\n\t\t\t\t\t\t\t\t\t<span class=\"elementor-button-text\">Retour \u00e0 la page d'accueil<\/span>\n\t\t\t\t\t<\/span>\n\t\t\t\t\t<\/a>\n\t\t\t\t\t\t\t\t<\/div>\n\t\t\t\t<div class=\"elementor-element elementor-element-e976185 elementor-widget elementor-widget-html\" data-id=\"e976185\" data-element_type=\"widget\" data-e-type=\"widget\" data-widget_type=\"html.default\">\n\t\t\t\t\t<!-- Event snippet for Validation Formulaire conversion page -->\r\n<script>\r\n  gtag('event', 'conversion', {'send_to': 'AW-948871825\/NXKqCOjT3XQQkcW6xAM'});\r\n<\/script>\r\n\t\t\t\t<\/div>\n\t\t\t\t\t<\/div>\n\t\t<\/div>\n\t\t\t\t\t<\/div>\n\t\t<\/section>\n\t\t\t\t<\/div>\n\t\t","protected":false},"excerpt":{"rendered":"<p>Merci d&rsquo;\u00eatre g\u00e9nial ! Nous avons bien re\u00e7u votre message et vous remercions de nous avoir contact\u00e9s. Oworkers examine d\u00e9j\u00e0 votre demande afin de vous fournir la meilleure assistance possible. Nous vous contacterons tr\u00e8s bient\u00f4t ! Retour \u00e0 la page d&rsquo;accueil<\/p>\n","protected":false},"author":3,"featured_media":0,"parent":0,"menu_order":0,"comment_status":"closed","ping_status":"closed","template":"elementor_header_footer","meta":{"footnotes":""},"class_list":["post-538450","page","type-page","status-publish","hentry"],"yoast_head":"<!-- This site is optimized with the Yoast SEO Premium plugin v27.4 (Yoast SEO v27.4) - https:\/\/yoast.com\/product\/yoast-seo-premium-wordpress\/ -->\n<title>Merci - Soumission formulaire<\/title>\n<meta name=\"description\" content=\"Merci, Oworker would like to thank you for submitting your request. We will get back to you as soon as possible.\" \/>\n<meta name=\"robots\" content=\"index, follow, max-snippet:-1, max-image-preview:large, max-video-preview:-1\" \/>\n<link rel=\"canonical\" href=\"https:\/\/oworkers.com\/fr\/merci-formulaire-de-contact\/\" \/>\n<meta property=\"og:locale\" content=\"fr_FR\" \/>\n<meta property=\"og:type\" content=\"article\" \/>\n<meta property=\"og:title\" content=\"Merci - Formulaire de contact - Oworkers\" \/>\n<meta property=\"og:description\" content=\"Discover oworkers&#039; expertise in the field of multilingual data processing, AP Processing, AI data annotation, contrent trust and safety. Best services in Bulgaria \/ Madagascar and Egypt.\" \/>\n<meta property=\"og:url\" content=\"https:\/\/oworkers.com\/fr\/merci-formulaire-de-contact\/\" \/>\n<meta property=\"og:site_name\" content=\"Oworkers\" \/>\n<meta property=\"article:publisher\" content=\"https:\/\/www.facebook.com\/virtualemployee\/\" \/>\n<meta property=\"article:modified_time\" content=\"2026-03-30T11:06:49+00:00\" \/>\n<meta name=\"twitter:card\" content=\"summary_large_image\" \/>\n<meta name=\"twitter:site\" content=\"@O_workers\" \/>\n<script type=\"application\/ld+json\" class=\"yoast-schema-graph\">{\"@context\":\"https:\\\/\\\/schema.org\",\"@graph\":[{\"@type\":\"WebPage\",\"@id\":\"https:\\\/\\\/oworkers.com\\\/fr\\\/merci-formulaire-de-contact\\\/\",\"url\":\"https:\\\/\\\/oworkers.com\\\/fr\\\/merci-formulaire-de-contact\\\/\",\"name\":\"Merci - Soumission formulaire\",\"isPartOf\":{\"@id\":\"https:\\\/\\\/oworkers.com\\\/#website\"},\"datePublished\":\"2026-03-09T15:36:02+00:00\",\"dateModified\":\"2026-03-30T11:06:49+00:00\",\"description\":\"Merci, Oworker would like to thank you for submitting your request. We will get back to you as soon as possible.\",\"breadcrumb\":{\"@id\":\"https:\\\/\\\/oworkers.com\\\/fr\\\/merci-formulaire-de-contact\\\/#breadcrumb\"},\"inLanguage\":\"fr-FR\",\"potentialAction\":[{\"@type\":\"ReadAction\",\"target\":[\"https:\\\/\\\/oworkers.com\\\/fr\\\/merci-formulaire-de-contact\\\/\"]}]},{\"@type\":\"BreadcrumbList\",\"@id\":\"https:\\\/\\\/oworkers.com\\\/fr\\\/merci-formulaire-de-contact\\\/#breadcrumb\",\"itemListElement\":[{\"@type\":\"ListItem\",\"position\":1,\"name\":\"Oworkers\",\"item\":\"https:\\\/\\\/oworkers.com\\\/fr\\\/home\\\/\"},{\"@type\":\"ListItem\",\"position\":2,\"name\":\"Merci &#8211; Formulaire de contact\"}]},{\"@type\":\"WebSite\",\"@id\":\"https:\\\/\\\/oworkers.com\\\/#website\",\"url\":\"https:\\\/\\\/oworkers.com\\\/\",\"name\":\"Oworkers\",\"description\":\"Multilingual data processing, AP Processing, AI data annotation, contrent trust and safety\",\"publisher\":{\"@id\":\"https:\\\/\\\/oworkers.com\\\/#organization\"},\"potentialAction\":[{\"@type\":\"SearchAction\",\"target\":{\"@type\":\"EntryPoint\",\"urlTemplate\":\"https:\\\/\\\/oworkers.com\\\/?s={search_term_string}\"},\"query-input\":{\"@type\":\"PropertyValueSpecification\",\"valueRequired\":true,\"valueName\":\"search_term_string\"}}],\"inLanguage\":\"fr-FR\"},{\"@type\":\"Organization\",\"@id\":\"https:\\\/\\\/oworkers.com\\\/#organization\",\"name\":\"Oworkers\",\"url\":\"https:\\\/\\\/oworkers.com\\\/\",\"logo\":{\"@type\":\"ImageObject\",\"inLanguage\":\"fr-FR\",\"@id\":\"https:\\\/\\\/oworkers.com\\\/#\\\/schema\\\/logo\\\/image\\\/\",\"url\":\"https:\\\/\\\/oworkers.com\\\/wp-content\\\/uploads\\\/2023\\\/03\\\/cropped-favicon.webp\",\"contentUrl\":\"https:\\\/\\\/oworkers.com\\\/wp-content\\\/uploads\\\/2023\\\/03\\\/cropped-favicon.webp\",\"width\":512,\"height\":512,\"caption\":\"Oworkers\"},\"image\":{\"@id\":\"https:\\\/\\\/oworkers.com\\\/#\\\/schema\\\/logo\\\/image\\\/\"},\"sameAs\":[\"https:\\\/\\\/www.facebook.com\\\/virtualemployee\\\/\",\"https:\\\/\\\/x.com\\\/O_workers\",\"https:\\\/\\\/www.linkedin.com\\\/company\\\/oworkers\\\/?viewAsMember=true\"],\"description\":\"Multilingual data processing, AP Processing, AI data annotation, contrent trust and safety\",\"numberOfEmployees\":{\"@type\":\"QuantitativeValue\",\"minValue\":\"201\",\"maxValue\":\"500\"}}]}<\/script>\n<!-- \/ Yoast SEO Premium plugin. -->","yoast_head_json":{"title":"Merci - Soumission formulaire","description":"Merci, Oworker would like to thank you for submitting your request. We will get back to you as soon as possible.","robots":{"index":"index","follow":"follow","max-snippet":"max-snippet:-1","max-image-preview":"max-image-preview:large","max-video-preview":"max-video-preview:-1"},"canonical":"https:\/\/oworkers.com\/fr\/merci-formulaire-de-contact\/","og_locale":"fr_FR","og_type":"article","og_title":"Merci - Formulaire de contact - Oworkers","og_description":"Discover oworkers' expertise in the field of multilingual data processing, AP Processing, AI data annotation, contrent trust and safety. Best services in Bulgaria \/ Madagascar and Egypt.","og_url":"https:\/\/oworkers.com\/fr\/merci-formulaire-de-contact\/","og_site_name":"Oworkers","article_publisher":"https:\/\/www.facebook.com\/virtualemployee\/","article_modified_time":"2026-03-30T11:06:49+00:00","twitter_card":"summary_large_image","twitter_site":"@O_workers","schema":{"@context":"https:\/\/schema.org","@graph":[{"@type":"WebPage","@id":"https:\/\/oworkers.com\/fr\/merci-formulaire-de-contact\/","url":"https:\/\/oworkers.com\/fr\/merci-formulaire-de-contact\/","name":"Merci - Soumission formulaire","isPartOf":{"@id":"https:\/\/oworkers.com\/#website"},"datePublished":"2026-03-09T15:36:02+00:00","dateModified":"2026-03-30T11:06:49+00:00","description":"Merci, Oworker would like to thank you for submitting your request. We will get back to you as soon as possible.","breadcrumb":{"@id":"https:\/\/oworkers.com\/fr\/merci-formulaire-de-contact\/#breadcrumb"},"inLanguage":"fr-FR","potentialAction":[{"@type":"ReadAction","target":["https:\/\/oworkers.com\/fr\/merci-formulaire-de-contact\/"]}]},{"@type":"BreadcrumbList","@id":"https:\/\/oworkers.com\/fr\/merci-formulaire-de-contact\/#breadcrumb","itemListElement":[{"@type":"ListItem","position":1,"name":"Oworkers","item":"https:\/\/oworkers.com\/fr\/home\/"},{"@type":"ListItem","position":2,"name":"Merci &#8211; Formulaire de contact"}]},{"@type":"WebSite","@id":"https:\/\/oworkers.com\/#website","url":"https:\/\/oworkers.com\/","name":"Oworkers","description":"Multilingual data processing, AP Processing, AI data annotation, contrent trust and safety","publisher":{"@id":"https:\/\/oworkers.com\/#organization"},"potentialAction":[{"@type":"SearchAction","target":{"@type":"EntryPoint","urlTemplate":"https:\/\/oworkers.com\/?s={search_term_string}"},"query-input":{"@type":"PropertyValueSpecification","valueRequired":true,"valueName":"search_term_string"}}],"inLanguage":"fr-FR"},{"@type":"Organization","@id":"https:\/\/oworkers.com\/#organization","name":"Oworkers","url":"https:\/\/oworkers.com\/","logo":{"@type":"ImageObject","inLanguage":"fr-FR","@id":"https:\/\/oworkers.com\/#\/schema\/logo\/image\/","url":"https:\/\/oworkers.com\/wp-content\/uploads\/2023\/03\/cropped-favicon.webp","contentUrl":"https:\/\/oworkers.com\/wp-content\/uploads\/2023\/03\/cropped-favicon.webp","width":512,"height":512,"caption":"Oworkers"},"image":{"@id":"https:\/\/oworkers.com\/#\/schema\/logo\/image\/"},"sameAs":["https:\/\/www.facebook.com\/virtualemployee\/","https:\/\/x.com\/O_workers","https:\/\/www.linkedin.com\/company\/oworkers\/?viewAsMember=true"],"description":"Multilingual data processing, AP Processing, AI data annotation, contrent trust and safety","numberOfEmployees":{"@type":"QuantitativeValue","minValue":"201","maxValue":"500"}}]}},"_links":{"self":[{"href":"https:\/\/oworkers.com\/fr\/wp-json\/wp\/v2\/pages\/538450","targetHints":{"allow":["GET"]}}],"collection":[{"href":"https:\/\/oworkers.com\/fr\/wp-json\/wp\/v2\/pages"}],"about":[{"href":"https:\/\/oworkers.com\/fr\/wp-json\/wp\/v2\/types\/page"}],"author":[{"embeddable":true,"href":"https:\/\/oworkers.com\/fr\/wp-json\/wp\/v2\/users\/3"}],"replies":[{"embeddable":true,"href":"https:\/\/oworkers.com\/fr\/wp-json\/wp\/v2\/comments?post=538450"}],"version-history":[{"count":0,"href":"https:\/\/oworkers.com\/fr\/wp-json\/wp\/v2\/pages\/538450\/revisions"}],"wp:attachment":[{"href":"https:\/\/oworkers.com\/fr\/wp-json\/wp\/v2\/media?parent=538450"}],"curies":[{"name":"wp","href":"https:\/\/api.w.org\/{rel}","templated":true}]}}