{"id":538452,"date":"2026-03-09T15:37:49","date_gmt":"2026-03-09T15:37:49","guid":{"rendered":"https:\/\/oworkers.com\/merci-partenariat\/"},"modified":"2026-03-30T09:27:25","modified_gmt":"2026-03-30T09:27:25","slug":"merci-partenariat","status":"publish","type":"page","link":"https:\/\/oworkers.com\/fr\/merci-partenariat\/","title":{"rendered":"Merci &#8211; Partenariat"},"content":{"rendered":"\t\t<div data-elementor-type=\"wp-page\" data-elementor-id=\"538452\" class=\"elementor elementor-538452 elementor-523120\" data-elementor-post-type=\"page\">\n\t\t\t\t\t\t<section class=\"elementor-section elementor-top-section elementor-element elementor-element-5c65e43 elementor-section-boxed elementor-section-height-default elementor-section-height-default\" data-id=\"5c65e43\" data-element_type=\"section\" data-e-type=\"section\">\n\t\t\t\t\t\t<div class=\"elementor-container elementor-column-gap-default\">\n\t\t\t\t\t<div class=\"elementor-column elementor-col-100 elementor-top-column elementor-element elementor-element-7453e82\" data-id=\"7453e82\" data-element_type=\"column\" data-e-type=\"column\">\n\t\t\t<div class=\"elementor-widget-wrap elementor-element-populated\">\n\t\t\t\t\t\t<div class=\"elementor-element elementor-element-2ef4500 elementor-widget elementor-widget-text-editor\" data-id=\"2ef4500\" data-element_type=\"widget\" data-e-type=\"widget\" data-widget_type=\"text-editor.default\">\n\t\t\t\t\t\t\t\t\t<h3 style=\"text-align: center;\">Merci de nous avoir contact\u00e9s au sujet des partenariats<strong> strat\u00e9giques d&rsquo;externalisatio<\/strong>n.<br>Nous appr\u00e9cions votre int\u00e9r\u00eat et le temps que vous avez pris pour <span style=\"font-size: 16px;\">remplir notre formulaire.<\/span><\/h3><p><strong><a href=\"https:\/\/oworkers.com\/fr\/\">Oworkers <\/a><\/strong>examinera votre email et vous contactera rapidement pour discuter des possibilit\u00e9s de collaboration. Nous sommes impatients d&rsquo;explorer les moyens de travailler ensemble pour atteindre une r\u00e9ussite mutuelle. <\/p>\t\t\t\t\t\t\t\t<\/div>\n\t\t\t\t<div class=\"elementor-element elementor-element-1ff0278 elementor-align-center elementor-mobile-align-center elementor-widget elementor-widget-button\" data-id=\"1ff0278\" data-element_type=\"widget\" data-e-type=\"widget\" data-widget_type=\"button.default\">\n\t\t\t\t\t\t\t\t\t\t<a class=\"elementor-button elementor-button-link elementor-size-xl\" href=\"https:\/\/oworkers.com\/fr\/\">\n\t\t\t\t\t\t<span class=\"elementor-button-content-wrapper\">\n\t\t\t\t\t\t\t\t\t<span class=\"elementor-button-text\">Retour \u00e0 la page d'accueil<\/span>\n\t\t\t\t\t<\/span>\n\t\t\t\t\t<\/a>\n\t\t\t\t\t\t\t\t<\/div>\n\t\t\t\t<div class=\"elementor-element elementor-element-df99c62 elementor-widget elementor-widget-html\" data-id=\"df99c62\" data-element_type=\"widget\" data-e-type=\"widget\" data-widget_type=\"html.default\">\n\t\t\t\t\t<!-- Event snippet for Validation Formulaire conversion page -->\r\n<script>\r\n  gtag('event', 'conversion', {'send_to': 'AW-948871825\/NXKqCOjT3XQQkcW6xAM'});\r\n<\/script>\r\n\t\t\t\t<\/div>\n\t\t\t\t\t<\/div>\n\t\t<\/div>\n\t\t\t\t\t<\/div>\n\t\t<\/section>\n\t\t\t\t<\/div>\n\t\t","protected":false},"excerpt":{"rendered":"<p>Merci de nous avoir contact\u00e9s au sujet des partenariats strat\u00e9giques d&rsquo;externalisation.Nous appr\u00e9cions votre int\u00e9r\u00eat et le temps que vous avez pris pour remplir notre formulaire. Oworkers examinera votre email et vous contactera rapidement pour discuter des possibilit\u00e9s de collaboration. Nous sommes impatients d&rsquo;explorer les moyens de travailler ensemble pour atteindre une r\u00e9ussite mutuelle. Retour \u00e0 [&hellip;]<\/p>\n","protected":false},"author":3,"featured_media":0,"parent":0,"menu_order":0,"comment_status":"closed","ping_status":"closed","template":"elementor_header_footer","meta":{"footnotes":""},"class_list":["post-538452","page","type-page","status-publish","hentry"],"yoast_head":"<!-- This site is optimized with the Yoast SEO Premium plugin v27.4 (Yoast SEO v27.4) - https:\/\/yoast.com\/product\/yoast-seo-premium-wordpress\/ -->\n<title>Partenariat Oworkers<\/title>\n<meta name=\"description\" content=\"Merci, Oworker would like to thank you for submitting your request. We will get back to you as soon as possible.\" \/>\n<meta name=\"robots\" content=\"index, follow, max-snippet:-1, max-image-preview:large, max-video-preview:-1\" \/>\n<link rel=\"canonical\" href=\"https:\/\/oworkers.com\/fr\/merci-partenariat\/\" \/>\n<meta property=\"og:locale\" content=\"fr_FR\" \/>\n<meta property=\"og:type\" content=\"article\" \/>\n<meta property=\"og:title\" content=\"Merci - Partenariat - Oworkers\" \/>\n<meta property=\"og:description\" content=\"Discover oworkers&#039; expertise in the field of multilingual data processing, AP Processing, AI data annotation, contrent trust and safety. Best services in Bulgaria \/ Madagascar and Egypt.\" \/>\n<meta property=\"og:url\" content=\"https:\/\/oworkers.com\/fr\/merci-partenariat\/\" \/>\n<meta property=\"og:site_name\" content=\"Oworkers\" \/>\n<meta property=\"article:publisher\" content=\"https:\/\/www.facebook.com\/virtualemployee\/\" \/>\n<meta property=\"article:modified_time\" content=\"2026-03-30T09:27:25+00:00\" \/>\n<meta name=\"twitter:card\" content=\"summary_large_image\" \/>\n<meta name=\"twitter:site\" content=\"@O_workers\" \/>\n<script type=\"application\/ld+json\" class=\"yoast-schema-graph\">{\"@context\":\"https:\\\/\\\/schema.org\",\"@graph\":[{\"@type\":\"WebPage\",\"@id\":\"https:\\\/\\\/oworkers.com\\\/fr\\\/merci-partenariat\\\/\",\"url\":\"https:\\\/\\\/oworkers.com\\\/fr\\\/merci-partenariat\\\/\",\"name\":\"Partenariat Oworkers\",\"isPartOf\":{\"@id\":\"https:\\\/\\\/oworkers.com\\\/#website\"},\"datePublished\":\"2026-03-09T15:37:49+00:00\",\"dateModified\":\"2026-03-30T09:27:25+00:00\",\"description\":\"Merci, Oworker would like to thank you for submitting your request. We will get back to you as soon as possible.\",\"breadcrumb\":{\"@id\":\"https:\\\/\\\/oworkers.com\\\/fr\\\/merci-partenariat\\\/#breadcrumb\"},\"inLanguage\":\"fr-FR\",\"potentialAction\":[{\"@type\":\"ReadAction\",\"target\":[\"https:\\\/\\\/oworkers.com\\\/fr\\\/merci-partenariat\\\/\"]}]},{\"@type\":\"BreadcrumbList\",\"@id\":\"https:\\\/\\\/oworkers.com\\\/fr\\\/merci-partenariat\\\/#breadcrumb\",\"itemListElement\":[{\"@type\":\"ListItem\",\"position\":1,\"name\":\"Oworkers\",\"item\":\"https:\\\/\\\/oworkers.com\\\/fr\\\/home\\\/\"},{\"@type\":\"ListItem\",\"position\":2,\"name\":\"Merci &#8211; Partenariat\"}]},{\"@type\":\"WebSite\",\"@id\":\"https:\\\/\\\/oworkers.com\\\/#website\",\"url\":\"https:\\\/\\\/oworkers.com\\\/\",\"name\":\"Oworkers\",\"description\":\"Multilingual data processing, AP Processing, AI data annotation, contrent trust and safety\",\"publisher\":{\"@id\":\"https:\\\/\\\/oworkers.com\\\/#organization\"},\"potentialAction\":[{\"@type\":\"SearchAction\",\"target\":{\"@type\":\"EntryPoint\",\"urlTemplate\":\"https:\\\/\\\/oworkers.com\\\/?s={search_term_string}\"},\"query-input\":{\"@type\":\"PropertyValueSpecification\",\"valueRequired\":true,\"valueName\":\"search_term_string\"}}],\"inLanguage\":\"fr-FR\"},{\"@type\":\"Organization\",\"@id\":\"https:\\\/\\\/oworkers.com\\\/#organization\",\"name\":\"Oworkers\",\"url\":\"https:\\\/\\\/oworkers.com\\\/\",\"logo\":{\"@type\":\"ImageObject\",\"inLanguage\":\"fr-FR\",\"@id\":\"https:\\\/\\\/oworkers.com\\\/#\\\/schema\\\/logo\\\/image\\\/\",\"url\":\"https:\\\/\\\/oworkers.com\\\/wp-content\\\/uploads\\\/2023\\\/03\\\/cropped-favicon.webp\",\"contentUrl\":\"https:\\\/\\\/oworkers.com\\\/wp-content\\\/uploads\\\/2023\\\/03\\\/cropped-favicon.webp\",\"width\":512,\"height\":512,\"caption\":\"Oworkers\"},\"image\":{\"@id\":\"https:\\\/\\\/oworkers.com\\\/#\\\/schema\\\/logo\\\/image\\\/\"},\"sameAs\":[\"https:\\\/\\\/www.facebook.com\\\/virtualemployee\\\/\",\"https:\\\/\\\/x.com\\\/O_workers\",\"https:\\\/\\\/www.linkedin.com\\\/company\\\/oworkers\\\/?viewAsMember=true\"],\"description\":\"Multilingual data processing, AP Processing, AI data annotation, contrent trust and safety\",\"numberOfEmployees\":{\"@type\":\"QuantitativeValue\",\"minValue\":\"201\",\"maxValue\":\"500\"}}]}<\/script>\n<!-- \/ Yoast SEO Premium plugin. -->","yoast_head_json":{"title":"Partenariat Oworkers","description":"Merci, Oworker would like to thank you for submitting your request. We will get back to you as soon as possible.","robots":{"index":"index","follow":"follow","max-snippet":"max-snippet:-1","max-image-preview":"max-image-preview:large","max-video-preview":"max-video-preview:-1"},"canonical":"https:\/\/oworkers.com\/fr\/merci-partenariat\/","og_locale":"fr_FR","og_type":"article","og_title":"Merci - Partenariat - Oworkers","og_description":"Discover oworkers' expertise in the field of multilingual data processing, AP Processing, AI data annotation, contrent trust and safety. Best services in Bulgaria \/ Madagascar and Egypt.","og_url":"https:\/\/oworkers.com\/fr\/merci-partenariat\/","og_site_name":"Oworkers","article_publisher":"https:\/\/www.facebook.com\/virtualemployee\/","article_modified_time":"2026-03-30T09:27:25+00:00","twitter_card":"summary_large_image","twitter_site":"@O_workers","schema":{"@context":"https:\/\/schema.org","@graph":[{"@type":"WebPage","@id":"https:\/\/oworkers.com\/fr\/merci-partenariat\/","url":"https:\/\/oworkers.com\/fr\/merci-partenariat\/","name":"Partenariat Oworkers","isPartOf":{"@id":"https:\/\/oworkers.com\/#website"},"datePublished":"2026-03-09T15:37:49+00:00","dateModified":"2026-03-30T09:27:25+00:00","description":"Merci, Oworker would like to thank you for submitting your request. We will get back to you as soon as possible.","breadcrumb":{"@id":"https:\/\/oworkers.com\/fr\/merci-partenariat\/#breadcrumb"},"inLanguage":"fr-FR","potentialAction":[{"@type":"ReadAction","target":["https:\/\/oworkers.com\/fr\/merci-partenariat\/"]}]},{"@type":"BreadcrumbList","@id":"https:\/\/oworkers.com\/fr\/merci-partenariat\/#breadcrumb","itemListElement":[{"@type":"ListItem","position":1,"name":"Oworkers","item":"https:\/\/oworkers.com\/fr\/home\/"},{"@type":"ListItem","position":2,"name":"Merci &#8211; Partenariat"}]},{"@type":"WebSite","@id":"https:\/\/oworkers.com\/#website","url":"https:\/\/oworkers.com\/","name":"Oworkers","description":"Multilingual data processing, AP Processing, AI data annotation, contrent trust and safety","publisher":{"@id":"https:\/\/oworkers.com\/#organization"},"potentialAction":[{"@type":"SearchAction","target":{"@type":"EntryPoint","urlTemplate":"https:\/\/oworkers.com\/?s={search_term_string}"},"query-input":{"@type":"PropertyValueSpecification","valueRequired":true,"valueName":"search_term_string"}}],"inLanguage":"fr-FR"},{"@type":"Organization","@id":"https:\/\/oworkers.com\/#organization","name":"Oworkers","url":"https:\/\/oworkers.com\/","logo":{"@type":"ImageObject","inLanguage":"fr-FR","@id":"https:\/\/oworkers.com\/#\/schema\/logo\/image\/","url":"https:\/\/oworkers.com\/wp-content\/uploads\/2023\/03\/cropped-favicon.webp","contentUrl":"https:\/\/oworkers.com\/wp-content\/uploads\/2023\/03\/cropped-favicon.webp","width":512,"height":512,"caption":"Oworkers"},"image":{"@id":"https:\/\/oworkers.com\/#\/schema\/logo\/image\/"},"sameAs":["https:\/\/www.facebook.com\/virtualemployee\/","https:\/\/x.com\/O_workers","https:\/\/www.linkedin.com\/company\/oworkers\/?viewAsMember=true"],"description":"Multilingual data processing, AP Processing, AI data annotation, contrent trust and safety","numberOfEmployees":{"@type":"QuantitativeValue","minValue":"201","maxValue":"500"}}]}},"_links":{"self":[{"href":"https:\/\/oworkers.com\/fr\/wp-json\/wp\/v2\/pages\/538452","targetHints":{"allow":["GET"]}}],"collection":[{"href":"https:\/\/oworkers.com\/fr\/wp-json\/wp\/v2\/pages"}],"about":[{"href":"https:\/\/oworkers.com\/fr\/wp-json\/wp\/v2\/types\/page"}],"author":[{"embeddable":true,"href":"https:\/\/oworkers.com\/fr\/wp-json\/wp\/v2\/users\/3"}],"replies":[{"embeddable":true,"href":"https:\/\/oworkers.com\/fr\/wp-json\/wp\/v2\/comments?post=538452"}],"version-history":[{"count":0,"href":"https:\/\/oworkers.com\/fr\/wp-json\/wp\/v2\/pages\/538452\/revisions"}],"wp:attachment":[{"href":"https:\/\/oworkers.com\/fr\/wp-json\/wp\/v2\/media?parent=538452"}],"curies":[{"name":"wp","href":"https:\/\/api.w.org\/{rel}","templated":true}]}}